{"id":4816,"date":"2020-10-31T16:27:36","date_gmt":"2020-10-31T14:27:36","guid":{"rendered":"http:\/\/alexander-s.com\/?page_id=4816"},"modified":"2021-07-14T21:29:34","modified_gmt":"2021-07-14T18:29:34","slug":"terms","status":"publish","type":"page","link":"https:\/\/alexander-s.com\/ro\/terms\/","title":{"rendered":"Termenii"},"content":{"rendered":"<div data-elementor-type=\"wp-page\" data-elementor-id=\"4816\" class=\"elementor elementor-4816\">\n\t\t\t\t\t\t<div class=\"elementor-inner\">\n\t\t\t\t<div class=\"elementor-section-wrap\">\n\t\t\t\t\t\t\t\t\t<section class=\"elementor-section elementor-top-section elementor-element elementor-element-3d3271f8 elementor-section-full_width elementor-section-height-default elementor-section-height-default\" data-id=\"3d3271f8\" data-element_type=\"section\" data-settings=\"{&quot;background_background&quot;:&quot;classic&quot;,&quot;background_motion_fx_motion_fx_scrolling&quot;:&quot;yes&quot;,&quot;background_motion_fx_translateY_affectedRange&quot;:{&quot;unit&quot;:&quot;%&quot;,&quot;size&quot;:&quot;&quot;,&quot;sizes&quot;:{&quot;start&quot;:22,&quot;end&quot;:81}},&quot;background_motion_fx_translateY_effect&quot;:&quot;yes&quot;,&quot;background_motion_fx_translateY_speed&quot;:{&quot;unit&quot;:&quot;px&quot;,&quot;size&quot;:4,&quot;sizes&quot;:[]},&quot;background_motion_fx_devices&quot;:[&quot;desktop&quot;,&quot;tablet&quot;,&quot;mobile&quot;]}\">\n\t\t\t\t\t\t<div class=\"elementor-container elementor-column-gap-default\">\n\t\t\t\t\t\t\t<div class=\"elementor-row\">\n\t\t\t\t\t<div class=\"elementor-column elementor-col-100 elementor-top-column elementor-element elementor-element-123fa9c1\" data-id=\"123fa9c1\" data-element_type=\"column\">\n\t\t\t<div class=\"elementor-column-wrap elementor-element-populated\">\n\t\t\t\t\t\t\t<div class=\"elementor-widget-wrap\">\n\t\t\t\t\t\t<div class=\"elementor-element elementor-element-439ffa48 animated-fast elementor-invisible elementor-widget elementor-widget-heading\" data-id=\"439ffa48\" data-element_type=\"widget\" data-settings=\"{&quot;_animation&quot;:&quot;fadeIn&quot;,&quot;_animation_delay&quot;:500,&quot;motion_fx_motion_fx_scrolling&quot;:&quot;yes&quot;,&quot;motion_fx_range&quot;:&quot;viewport&quot;,&quot;_animation_mobile&quot;:&quot;slideInLeft&quot;,&quot;motion_fx_devices&quot;:[&quot;desktop&quot;,&quot;tablet&quot;,&quot;mobile&quot;]}\" data-widget_type=\"heading.default\">\n\t\t\t\t<div class=\"elementor-widget-container\">\n\t\t\t<h2 class=\"elementor-heading-title elementor-size-default\">Termenii<\/h2>\t\t<\/div>\n\t\t\t\t<\/div>\n\t\t\t\t<div class=\"elementor-element elementor-element-73e41a07 elementor-widget elementor-widget-text-editor\" data-id=\"73e41a07\" data-element_type=\"widget\" data-settings=\"{&quot;_animation_mobile&quot;:&quot;fadeInLeft&quot;}\" data-widget_type=\"text-editor.default\">\n\t\t\t\t<div class=\"elementor-widget-container\">\n\t\t\t\t\t\t\t\t<div class=\"elementor-text-editor elementor-clearfix\">\n\t\t\t\t<ol>\n<li>Introduction<br>This Cookie Policy applies to all users of the www.alexander-s.com website. The information presented below is intended to inform users of this website about the placement, use and administration of cookies by www.alexander-s.com in the context of users browsing this website.<\/li>\n<li class=\" translation-block\">2. Ce sunt cookie-urile?\nFolosim termenul \u201ecookie\u201d-uri pentru a ne referi la modulele cookie \u0219i la tehnologiile similare prin intermediul c\u0103rora pot fi colectate informa\u021bii \u00een mod automat.\nUn \u201eInternet Cookie\u201d (termen cunoscut \u0219i sub denumirea de \u201ebrowser cookie\u201d sau \u201eHTTP cookie\u201d ori \u201ecookie\u201d) reprezint\u0103 un fi\u0219ier de mici dimensiuni, format din litere \u0219i numere, care va fi stocat pe computerul, terminalul mobil sau pe alte echipamente ale unui utilizator prin intermediul c\u0103rora se acceseaz\u0103 internetul.\nCookie-urile sunt instalate prin solicitarea emis\u0103 de un web-server c\u0103tre un browser (de ex.: Internet Explorer, Firefox, Chrome). Cookie-urile odat\u0103 instalate au o durat\u0103 de existen\u021b\u0103 determinat\u0103, r\u0103m\u00e2n\u00e2nd \u201epasive\u201d, \u00een sensul c\u0103 nu con\u021bin programe software, viru\u0219i sau spyware \u0219i nu vor accesa informa\u021biile de pe hard driverul utilizatorului pe al c\u0103rui echipament au fost instalate.\nUn cookie este format din dou\u0103 p\u0103r\u021bi:\nnumele cookie-ului; \u0219i\ncon\u021binutul sau valoarea cookie-ului.\nDin punct de vedere tehnic, doar web-serverul care a trimis cookie-ul \u00eel poate accesa din nou \u00een momentul \u00een care un utilizator se \u00eentoarce pe pagina de internet asociat\u0103 web-serverului respectiv.<\/li>\n<li>For what purposes are cookies used through this website:<br>Cookies are used to provide users of this website with a better browsing experience and services tailored to the needs and interests of each individual, namely to:<br>\u2022 improving the use of this website, including by identifying any errors that occur during the visit \/ use of it by users;<br>\u2022 providing anonymous statistics on how this website is used to the website owner, as the owner of this website;<br>\u2022 anticipation of possible goods that will be made available to users in the future through this website, depending on the services \/ products accessed.<br>Based on the feedback sent through cookies about how this website is used, the website owner may take measures to make this website more efficient and more accessible to users.<br>Thus, the use of cookies allows the storage of certain settings \/ preferences set by the users of this website, such as:<br>\u2022 the language in which a website is viewed;<br>\u2022 the currency in which certain prices or tariffs are expressed;<br>\u2022 facilitating access to users\u2019 accounts;<br>\u2022 posting comments on the site.<\/li>\n<li class=\" translation-block\">4. Care este durata de via\u021b\u0103 a cookie-urilor?\nDurata de via\u021b\u0103 a cookie-urilor poate varia semnificativ, depinz\u00e2nd de scopul pentru care este plasat. Exist\u0103 urm\u0103toarele categorii de cookie-uri care determin\u0103 \u0219i durata de via\u021b\u0103 a acestora:\n\u2022\tCookie-uri de sesiune \u2013 Un \u201ecookie de sesiune\u201d este un cookie care este \u0219ters automat c\u00e2nd utilizatorul \u00ee\u0219i \u00eenchide browserul.\n\u2022\tCookie-uri persistente sau fixe \u2013 Un \u201ecookie persistent\u201d sau \u201efix\u201d este un cookie care r\u0103m\u00e2ne stocat \u00een terminalul utilizatorului p\u00e2n\u0103 c\u00e2nd atinge o anumit\u0103 dat\u0103 de expirare (care poate fi \u00een c\u00e2teva minute, zile sau c\u00e2\u021biva ani \u00een viitor) sau p\u00e2n\u0103 la \u0219tegerea acestuia de c\u0103tre utilizator \u00een orice moment prin intermediul set\u0103rilor browserului.<\/li>\n<li>What are cookies placed by third parties?<br>Certain sections of content on the website may be provided through third parties, ie not by www.alexander-s.com, in which case these cookies are called third party cookies. hate\u201d).<br>Third party cookie providers must also comply with the data protection rules and the Privacy Policy.<\/li>\n<li class=\" translation-block\">6. Ce cookie-uri sunt folosite prin intermediul acestei pagini de internet:\nPrin utilizarea\/vizitarea paginii de internet pot fi plasate urm\u0103toarele cookie-uri: \na. Cookie-uri de performan\u021b\u0103 a paginii de internet;\nb. Cookie-uri de analiz\u0103 a utilizatorilor;\nc. Cookie-uri pentru geotargetting;\nd. Cookie-uri de \u00eenregistrare;\ne. Cookie-uri pentru publicitate;\nf. Cookie-uri ale furnizorilor de publicitate;\na. Cookie-uri de performan\u021b\u0103\nPrin acest tip de cookie-uri sunt memorate preferin\u021bele utilizatorului acestei pagini de internet, astfel \u00eenc\u00e2t setarea din nou a preferin\u021belor \u00een cazul vizit\u0103rii ulterioare a paginii de internet nu mai este necesar\u0103.\nb. Cookie-uri de analiz\u0103 a utilizatorilor\nAceste cookie-uri ne informeaz\u0103 dac\u0103 un anumit utilizator al paginii de internet a mai vizitat\/utilizat aceast\u0103 pagin\u0103 de internet anterior. Aceste cookie-uri sunt utilizate doar \u00een scopuri statistice.<\/li>\n<\/ol>\n<p class=\" translation-block\">c. Cookie-uri pentru geotargetting\nAceste cookie-uri sunt utilizate de c\u0103tre un soft care stabile\u0219te \u021bara de provenien\u021b\u0103 a utilizatorului paginii de internet. Vor fi primite acelea\u0219i reclame indiferent de limba selectat\u0103.\nd. Cookie-uri pentru \u00eenregistrare\nAtunci c\u00e2nd v\u0103 \u00eenregistra\u021bi pe acest site, se genereaz\u0103 cookie-uri care memoreaz\u0103 acest demers. Serverele utilizeaz\u0103 aceste cookie-uri pentru a ne ar\u0103ta contul cu care sunte\u021bi \u00eenregistrat. De asemenea, utilizarea acestor cookie-uri permite s\u0103 asociem orice comentariu postat pe pagina de internet cu username-ul contului folosit. \u00cen cazul \u00een care nu a fost selectat\u0103 op\u021biunea \u201ep\u0103streaz\u0103-m\u0103 \u00eenregistrat\u201d, aceste cookie-uri se vor \u0219terge automat la momentul termin\u0103rii sesiunii de navigare.\ne. Cookie-uri pentru publicitate\nAceste cookie-uri permit aflarea vizualiz\u0103rii de c\u0103tre un utilizator a unei reclame online, tipul acesteia \u0219i timpul scurs de la momentul vizualiz\u0103rii respectviului mesaj publicitar. Ca atare, astfel de cookie-uri sunt folosite pentru targetarea publicit\u0103\u021bii online. Aceste cookie-uri sunt anonime, stoc\u00e2nd informa\u021bii despre contentul vizualizat, nu \u0219i despre utilizatori.<\/p>\n<ol start=\"7\">\n<li class=\" translation-block\">7. Ce tip de informa\u021bii sunt stocate \u0219i accesate prin intermediul cookie-urilor?\nCookie-urile p\u0103streaz\u0103 informa\u021bii \u00eentr-un fi\u0219ier text de mici dimensiuni care permit recunoa\u0219terea browserului. Aceast\u0103 pagin\u0103 de internet recunoa\u0219te browserul p\u00e2n\u0103 c\u00e2nd cookie-urile expir\u0103 sau sunt<\/li>\n<li class=\" translation-block\">8. Particularizarea set\u0103rile browserului \u00een ceea ce prive\u0219te cookie-urile\n\u00cen cazul \u00een care utilizarea cookie-urilor nu este deranjant\u0103 iar calculatorul sau echipamentul tehnic utilizat pentru navigarea pe aceast\u0103 pagin\u0103 de internet este folosit doar de c\u0103tre dumneavoastr\u0103, pot fi setate termene lungi de expirare pentru stocrarea istoricului de navigare.\n\u00cen cazul \u00een care calculatorul sau echipamentul tehnic utilizat pentru navigarea pe aceast\u0103 pagin\u0103 de internet este folosit de mai multe persoane, poate fi luat\u0103 \u00een considerare setarea pentru \u0219tergerea datelor individuale de navigare de fiecare dat\u0103 c\u00e2nd browserul este \u00eenchis.<\/li>\n<li class=\" translation-block\">9. Cum pot fi oprite cookie-urile?\nDezactivarea \u0219i refuzul de a primi cookie-uri pot face aceast\u0103 pagin\u0103 de internet dificil de vizitat, atr\u0103g\u00e2nd dup\u0103 sine limit\u0103ri ale posibilit\u0103\u021bilor de utilizare ale acesteia.\nUtilizatorii \u00ee\u0219i pot configura browserul s\u0103 resping\u0103 fi\u0219ierele cookie sau s\u0103 fie acceptate cookie-uri de la o pagin\u0103 de internet anume.\nToate browserele moderne ofer\u0103 posibilitatea de a schimba set\u0103rile cookie-urilor. Aceste set\u0103ri pot fi accesate, ca regul\u0103, \u00een sec\u021biunea \u201eop\u021biuni\u201d sau \u00een meniul de \u201epreferin\u021be\u201d al browserului t\u0103u.\nTotu\u0219i, refuzarea sau dezactivarea cookie-urilor nu \u00eenseamn\u0103 c\u0103 nu ve\u021bi mai primi publicitate online \u2013 ci doar ca aceasta nu va fi adaptat\u0103 preferin\u021belor \u0219i interesele dumneavoastr\u0103, eviden\u021biate prin comportamentul de navigare.\nPentru a \u00een\u021belege aceste set\u0103ri, urm\u0103toarele linkuri pot fi folositoare:\n\u2022\tCookie settings in Internet Explorer\n\u2022\tCookie settings in Firefox\n\u2022\tCookie settings in Chrome\n\u2022\tCookie settings in Safari\nPentru orice \u00eentreb\u0103ri suplimentare cu privire la modul \u00een sunt utilizate cookie-urile prin intermediul acestei pagini de internet, v\u0103 rug\u0103m s\u0103 trimiteti un mesaj la hello@alexander-s.com<\/li>\n<\/ol>\t\t\t\t\t<\/div>\n\t\t\t\t\t\t<\/div>\n\t\t\t\t<\/div>\n\t\t\t\t\t\t<\/div>\n\t\t\t\t\t<\/div>\n\t\t<\/div>\n\t\t\t\t\t\t\t\t<\/div>\n\t\t\t\t\t<\/div>\n\t\t<\/section>\n\t\t\t\t\t\t\t\t\t<\/div>\n\t\t\t<\/div>\n\t\t\t\t\t<\/div>","protected":false},"excerpt":{"rendered":"<p>Terms IntroductionThis Cookie Policy applies to all users of the www.alexander-s.com website. The information presented below is intended to inform users of this website about the placement, use and administration of cookies by www.alexander-s.com in the context of users browsing this website. What are cookies?We use the term \u201ccookies\u201d to refer to cookies and similar [&hellip;]<\/p>","protected":false},"author":1,"featured_media":0,"parent":0,"menu_order":0,"comment_status":"closed","ping_status":"closed","template":"","meta":[],"yoast_head":"<!-- This site is optimized with the Yoast SEO plugin v18.0 - https:\/\/yoast.com\/wordpress\/plugins\/seo\/ -->\n<title>Terms - Alexander S Design<\/title>\n<meta name=\"robots\" content=\"index, follow, max-snippet:-1, max-image-preview:large, max-video-preview:-1\" \/>\n<link rel=\"canonical\" href=\"http:\/\/alexander-s.com\/ro\/terms\/\" \/>\n<meta property=\"og:locale\" content=\"ro_RO\" \/>\n<meta property=\"og:type\" content=\"article\" \/>\n<meta property=\"og:title\" content=\"Terms - Alexander S Design\" \/>\n<meta property=\"og:description\" content=\"Terms IntroductionThis Cookie Policy applies to all users of the www.alexander-s.com website. The information presented below is intended to inform users of this website about the placement, use and administration of cookies by www.alexander-s.com in the context of users browsing this website. What are cookies?We use the term \u201ccookies\u201d to refer to cookies and similar [&hellip;]\" \/>\n<meta property=\"og:url\" content=\"http:\/\/alexander-s.com\/ro\/terms\/\" \/>\n<meta property=\"og:site_name\" content=\"Alexander S Design\" \/>\n<meta property=\"article:modified_time\" content=\"2021-07-14T18:29:34+00:00\" \/>\n<meta name=\"twitter:card\" content=\"summary_large_image\" \/>\n<meta name=\"twitter:label1\" content=\"Timp estimat pentru citire\" \/>\n\t<meta name=\"twitter:data1\" content=\"5 minute\" \/>\n<script type=\"application\/ld+json\" class=\"yoast-schema-graph\">{\"@context\":\"https:\/\/schema.org\",\"@graph\":[{\"@type\":[\"Person\",\"Organization\"],\"@id\":\"https:\/\/alexander-s.com\/#\/schema\/person\/9207e8212c1ef030092f7ab91421bbe2\",\"name\":\"Alexander S\",\"image\":{\"@type\":\"ImageObject\",\"@id\":\"https:\/\/alexander-s.com\/#personlogo\",\"inLanguage\":\"ro-RO\",\"url\":\"https:\/\/secure.gravatar.com\/avatar\/b599fc4422e7ca8a88aab74adc06ff02?s=96&d=mm&r=g\",\"contentUrl\":\"https:\/\/secure.gravatar.com\/avatar\/b599fc4422e7ca8a88aab74adc06ff02?s=96&d=mm&r=g\",\"caption\":\"Alexander S\"},\"logo\":{\"@id\":\"https:\/\/alexander-s.com\/#personlogo\"}},{\"@type\":\"WebSite\",\"@id\":\"https:\/\/alexander-s.com\/#website\",\"url\":\"https:\/\/alexander-s.com\/\",\"name\":\"Alexander S Design\",\"description\":\"Visual simplicity.\",\"publisher\":{\"@id\":\"https:\/\/alexander-s.com\/#\/schema\/person\/9207e8212c1ef030092f7ab91421bbe2\"},\"potentialAction\":[{\"@type\":\"SearchAction\",\"target\":{\"@type\":\"EntryPoint\",\"urlTemplate\":\"https:\/\/alexander-s.com\/?s={search_term_string}\"},\"query-input\":\"required name=search_term_string\"}],\"inLanguage\":\"ro-RO\"},{\"@type\":\"WebPage\",\"@id\":\"http:\/\/alexander-s.com\/ro\/terms\/#webpage\",\"url\":\"http:\/\/alexander-s.com\/ro\/terms\/\",\"name\":\"Terms - Alexander S Design\",\"isPartOf\":{\"@id\":\"https:\/\/alexander-s.com\/#website\"},\"datePublished\":\"2020-10-31T14:27:36+00:00\",\"dateModified\":\"2021-07-14T18:29:34+00:00\",\"breadcrumb\":{\"@id\":\"http:\/\/alexander-s.com\/ro\/terms\/#breadcrumb\"},\"inLanguage\":\"ro-RO\",\"potentialAction\":[{\"@type\":\"ReadAction\",\"target\":[\"http:\/\/alexander-s.com\/ro\/terms\/\"]}]},{\"@type\":\"BreadcrumbList\",\"@id\":\"http:\/\/alexander-s.com\/ro\/terms\/#breadcrumb\",\"itemListElement\":[{\"@type\":\"ListItem\",\"position\":1,\"name\":\"Home\",\"item\":\"https:\/\/alexander-s.com\/\"},{\"@type\":\"ListItem\",\"position\":2,\"name\":\"Terms\"}]}]}<\/script>\n<!-- \/ Yoast SEO plugin. -->","yoast_head_json":{"title":"Terms - Alexander S Design","robots":{"index":"index","follow":"follow","max-snippet":"max-snippet:-1","max-image-preview":"max-image-preview:large","max-video-preview":"max-video-preview:-1"},"canonical":"http:\/\/alexander-s.com\/ro\/terms\/","og_locale":"ro_RO","og_type":"article","og_title":"Terms - Alexander S Design","og_description":"Terms IntroductionThis Cookie Policy applies to all users of the www.alexander-s.com website. The information presented below is intended to inform users of this website about the placement, use and administration of cookies by www.alexander-s.com in the context of users browsing this website. What are cookies?We use the term \u201ccookies\u201d to refer to cookies and similar [&hellip;]","og_url":"http:\/\/alexander-s.com\/ro\/terms\/","og_site_name":"Alexander S Design","article_modified_time":"2021-07-14T18:29:34+00:00","twitter_card":"summary_large_image","twitter_misc":{"Timp estimat pentru citire":"5 minute"},"schema":{"@context":"https:\/\/schema.org","@graph":[{"@type":["Person","Organization"],"@id":"https:\/\/alexander-s.com\/#\/schema\/person\/9207e8212c1ef030092f7ab91421bbe2","name":"Alexander S","image":{"@type":"ImageObject","@id":"https:\/\/alexander-s.com\/#personlogo","inLanguage":"ro-RO","url":"https:\/\/secure.gravatar.com\/avatar\/b599fc4422e7ca8a88aab74adc06ff02?s=96&d=mm&r=g","contentUrl":"https:\/\/secure.gravatar.com\/avatar\/b599fc4422e7ca8a88aab74adc06ff02?s=96&d=mm&r=g","caption":"Alexander S"},"logo":{"@id":"https:\/\/alexander-s.com\/#personlogo"}},{"@type":"WebSite","@id":"https:\/\/alexander-s.com\/#website","url":"https:\/\/alexander-s.com\/","name":"Alexander S Design","description":"Visual simplicity.","publisher":{"@id":"https:\/\/alexander-s.com\/#\/schema\/person\/9207e8212c1ef030092f7ab91421bbe2"},"potentialAction":[{"@type":"SearchAction","target":{"@type":"EntryPoint","urlTemplate":"https:\/\/alexander-s.com\/?s={search_term_string}"},"query-input":"required name=search_term_string"}],"inLanguage":"ro-RO"},{"@type":"WebPage","@id":"http:\/\/alexander-s.com\/ro\/terms\/#webpage","url":"http:\/\/alexander-s.com\/ro\/terms\/","name":"Terms - Alexander S Design","isPartOf":{"@id":"https:\/\/alexander-s.com\/#website"},"datePublished":"2020-10-31T14:27:36+00:00","dateModified":"2021-07-14T18:29:34+00:00","breadcrumb":{"@id":"http:\/\/alexander-s.com\/ro\/terms\/#breadcrumb"},"inLanguage":"ro-RO","potentialAction":[{"@type":"ReadAction","target":["http:\/\/alexander-s.com\/ro\/terms\/"]}]},{"@type":"BreadcrumbList","@id":"http:\/\/alexander-s.com\/ro\/terms\/#breadcrumb","itemListElement":[{"@type":"ListItem","position":1,"name":"Home","item":"https:\/\/alexander-s.com\/"},{"@type":"ListItem","position":2,"name":"Terms"}]}]}},"_links":{"self":[{"href":"https:\/\/alexander-s.com\/ro\/wp-json\/wp\/v2\/pages\/4816"}],"collection":[{"href":"https:\/\/alexander-s.com\/ro\/wp-json\/wp\/v2\/pages"}],"about":[{"href":"https:\/\/alexander-s.com\/ro\/wp-json\/wp\/v2\/types\/page"}],"author":[{"embeddable":true,"href":"https:\/\/alexander-s.com\/ro\/wp-json\/wp\/v2\/users\/1"}],"replies":[{"embeddable":true,"href":"https:\/\/alexander-s.com\/ro\/wp-json\/wp\/v2\/comments?post=4816"}],"version-history":[{"count":5,"href":"https:\/\/alexander-s.com\/ro\/wp-json\/wp\/v2\/pages\/4816\/revisions"}],"predecessor-version":[{"id":5090,"href":"https:\/\/alexander-s.com\/ro\/wp-json\/wp\/v2\/pages\/4816\/revisions\/5090"}],"wp:attachment":[{"href":"https:\/\/alexander-s.com\/ro\/wp-json\/wp\/v2\/media?parent=4816"}],"curies":[{"name":"wp","href":"https:\/\/api.w.org\/{rel}","templated":true}]}}